{"id":734,"date":"2022-03-01T10:08:33","date_gmt":"2022-03-01T10:08:33","guid":{"rendered":"https:\/\/demo.creativethemes.com\/stagingtwo\/?page_id=734"},"modified":"2023-12-27T16:40:51","modified_gmt":"2023-12-27T16:40:51","slug":"about","status":"publish","type":"page","link":"https:\/\/bollbackaspoodles.com\/index.php\/about\/","title":{"rendered":"About"},"content":{"rendered":"\n<div class=\"wp-block-stackable-columns alignfull stk-block-columns stk-block stk-cf247fd stk-block-background stk--has-background-overlay\" data-block-id=\"cf247fd\"><style>.stk-cf247fd{background-color:var(--theme-palette-color-4,#000000) !important;background-image:url(http:\/\/bollbackaspoodles.com\/wp-content\/uploads\/2023\/12\/IMG_2001-scaled.jpg) !important;padding-top:390px !important;padding-right:35px !important;padding-bottom:320px !important;padding-left:35px !important;margin-bottom:0px !important}.stk-cf247fd:before{background-color:var(--theme-palette-color-4,#000000) !important;opacity:0.5 !important}@media screen and (max-width:1023px){.stk-cf247fd{padding-top:290px !important;padding-bottom:250px !important}}@media screen and (max-width:767px){.stk-cf247fd{padding-top:220px !important;padding-right:18px !important;padding-bottom:180px !important;padding-left:18px !important}}<\/style><div class=\"stk-row stk-inner-blocks has-text-align-center stk-block-content stk-content-align stk-cf247fd-column\">\n<div class=\"wp-block-stackable-column stk-block-column stk-column stk-block stk-1d93b9f\" data-v=\"4\" data-block-id=\"1d93b9f\"><style>.stk-1d93b9f-container{margin-top:0px !important;margin-right:0px !important;margin-bottom:0px !important;margin-left:0px !important}<\/style><div class=\"stk-column-wrapper stk-block-column__content stk-container stk-1d93b9f-container stk--no-background stk--no-padding\"><div class=\"stk-block-content stk-inner-blocks stk-1d93b9f-inner-blocks\">\n\n\n\n<div class=\"wp-block-stackable-heading stk-block-heading stk-block-heading--v2 stk-block stk-436ce8b\" id=\"about-us\" data-block-id=\"436ce8b\"><style>.stk-436ce8b{margin-bottom:16px !important}.stk-436ce8b .stk-block-heading__text{font-size:100px !important;color:var(--theme-palette-color-8,#ffffff) !important;line-height:1.3em !important;font-weight:800 !important}@media screen and (max-width:1023px){.stk-436ce8b .stk-block-heading__text{font-size:70px !important}}@media screen and (max-width:767px){.stk-436ce8b .stk-block-heading__text{font-size:40px !important}}<\/style><h2 class=\"stk-block-heading__text has-text-color has-palette-color-8-color\">About Us<\/h2><\/div>\n<\/div><\/div><\/div>\n<\/div><\/div>\n\n\n\n<div class=\"wp-block-stackable-columns alignfull stk-block-columns stk-block stk-5d0f4df stk-block-background stk--has-background-overlay\" data-block-id=\"5d0f4df\"><style>.stk-5d0f4df{background-color:transparent !important;background-image:url(https:\/\/bollbackaspoodles.com\/wp-content\/uploads\/2021\/07\/flower-decoration-2.svg) !important;background-position:top right !important;background-repeat:no-repeat !important;background-size:700px !important;padding-top:0px !important;padding-right:0px !important;padding-bottom:0px !important;padding-left:0px !important;margin-bottom:0px !important}.stk-5d0f4df:before{background-color:transparent !important;opacity:0.5 !important}@media screen and (max-width:1023px){.stk-5d0f4df{background-size:400px !important}}<\/style><div class=\"stk-row stk-inner-blocks has-text-align-center stk-block-content stk-content-align stk-5d0f4df-column\">\n<div class=\"wp-block-stackable-column stk-block-column stk-column stk-block stk-d5cae30\" data-v=\"4\" data-block-id=\"d5cae30\"><style>.stk-d5cae30-container{margin-top:0px !important;margin-right:0px !important;margin-bottom:0px !important;margin-left:0px !important}<\/style><div class=\"stk-column-wrapper stk-block-column__content stk-container stk-d5cae30-container stk--no-background stk--no-padding\"><div class=\"stk-block-content stk-inner-blocks stk-d5cae30-inner-blocks\"><\/div><\/div><\/div>\n<\/div><\/div>\n\n\n\n<div class=\"wp-block-stackable-columns stk-block-columns stk-block stk-4fc99d4\" data-block-id=\"4fc99d4\"><div class=\"stk-row stk-inner-blocks stk-block-content stk-content-align stk-4fc99d4-column\">\n<div class=\"wp-block-stackable-column stk-block-column stk-column stk-block stk-de7387c\" data-v=\"4\" data-block-id=\"de7387c\"><div class=\"stk-column-wrapper stk-block-column__content stk-container stk-de7387c-container stk--no-background stk--no-padding\"><div class=\"stk-block-content stk-inner-blocks stk-de7387c-inner-blocks\">\n<div class=\"wp-block-stackable-columns alignfull stk-block-columns stk-block stk-da74f7e stk-block-background stk--has-background-overlay\" data-block-id=\"da74f7e\"><style>.stk-da74f7e .stk--block-align-da74f7e{align-items:flex-start !important}.stk-da74f7e{background-color:transparent !important;background-image:url(https:\/\/bollbackaspoodles.com\/wp-content\/uploads\/2021\/07\/flower-decoration-3.svg) !important;background-position:bottom left !important;background-repeat:no-repeat !important;background-size:700px !important;padding-top:0px !important;padding-right:0px !important;padding-bottom:0px !important;padding-left:0px !important;margin-bottom:0px !important;overflow:visible !important}.stk-da74f7e:before{background-color:transparent !important;opacity:0.5 !important}.stk-da74f7e .stk-container{overflow:visible !important}.stk-da74f7e-column{--stk-column-gap:0px !important;row-gap:50px !important}@media screen and (max-width:1023px){.stk-da74f7e .stk--block-align-da74f7e{align-items:stretch !important}}<\/style><div class=\"stk-row stk-inner-blocks stk--block-align-da74f7e stk-block-content stk-content-align stk-da74f7e-column\">\n<div class=\"wp-block-stackable-column stk-block-column stk-column stk-block stk-74741f8\" data-v=\"4\" data-block-id=\"74741f8\"><style>.stk-74741f8-container{margin-top:0px !important;margin-right:0px !important;margin-bottom:0px !important;margin-left:0px !important}.stk-74741f8-inner-blocks{justify-content:center !important}.stk-74741f8{padding-top:70px !important;padding-right:50px !important;margin-top:30px !important}@media screen and (min-width:768px){.stk-74741f8{flex:1 1 calc(25% - var(--stk-column-gap,0px) * 3 \/ 4 ) !important}}@media screen and (min-width:768px) and (max-width:1023px){.stk-74741f8{flex:0 1 calc(100% - var(--stk-column-gap,0px) * 0 \/ 1 ) !important}}@media screen and (max-width:1023px){.stk-74741f8{padding-top:0px !important;padding-right:0px !important}}<\/style><div class=\"stk-column-wrapper stk-block-column__content stk-container stk-74741f8-container stk--no-background stk--no-padding\"><div class=\"has-text-align-center-mobile stk--column-flex stk-block-content stk-inner-blocks stk-74741f8-inner-blocks\">\n<div class=\"wp-block-stackable-text stk-block-text stk-block stk-b15fe0d\" data-block-id=\"b15fe0d\"><p class=\"stk-block-text__text has-text-align-left\">EN<\/p><\/div>\n\n\n\n<div class=\"wp-block-stackable-text stk-block-text stk-block stk-5fc4d03\" data-block-id=\"5fc4d03\"><style>.stk-5fc4d03{margin-bottom:26px !important}@media screen and (max-width:767px){.stk-5fc4d03{margin-bottom:35px !important}}<\/style><p class=\"stk-block-text__text has-text-align-center-tablet\">Our family of four lives in a peaceful residential area in Helsinki. We lead an active lifestyle and value our time together, both as a family and with our dogs. Working from home, we&#8217;re fortunate that our dogs seldom have to be alone, providing them with a loving and attentive environment.<\/p><\/div>\n\n\n\n<div class=\"wp-block-stackable-text stk-block-text stk-block stk-2335e49\" data-block-id=\"2335e49\"><style>.stk-2335e49{margin-bottom:26px !important}@media screen and (max-width:767px){.stk-2335e49{margin-bottom:35px !important}}<\/style><p class=\"stk-block-text__text has-text-align-center-tablet\">As a new breeder, my journey into the world of apricot mini poodles began in 2019 with the arrival of our first poodle, Bella. These four years have been a journey of constant learning, encountering both challenges and rewards, and I&#8217;m sure I will continue to learn new things about this breed every day.<\/p><\/div>\n\n\n\n<div class=\"wp-block-stackable-text stk-block-text stk-block stk-e982c3a\" data-block-id=\"e982c3a\"><style>.stk-e982c3a{margin-bottom:26px !important}@media screen and (max-width:767px){.stk-e982c3a{margin-bottom:35px !important}}<\/style><p class=\"stk-block-text__text has-text-align-center-tablet\">Bella has been a fantastic addition to our family, thanks to her wonderful temperament and striking features. Her presence inspired us to start a breeding program. We decided to breed Bella to share her excellent qualities and make a positive contribution to the breed.<\/p><\/div>\n\n\n\n<div class=\"wp-block-stackable-text stk-block-text stk-block stk-0eab9a5\" data-block-id=\"0eab9a5\"><style>.stk-0eab9a5{margin-bottom:26px !important}@media screen and (max-width:767px){.stk-0eab9a5{margin-bottom:35px !important}}<\/style><p class=\"stk-block-text__text has-text-align-center-tablet\">My goal as a breeder is to raise poodles that showcase the breed&#8217;s best qualities, with an emphasis on cheerful confidence, enthusiasm, and good nature. I emphasize a strong lineage by carefully selecting the puppies&#8217; parents and researching their pedigrees. The goal is that the dog is not only beautiful but also healthy and well-structured. I only breed with poodles that have achieved show champion status, focusing on superior pedigree quality.<\/p><\/div>\n\n\n\n<div class=\"wp-block-stackable-text stk-block-text stk-block stk-ebf1325\" data-block-id=\"ebf1325\"><style>.stk-ebf1325{margin-bottom:50px !important}@media screen and (max-width:767px){.stk-ebf1325{margin-bottom:35px !important}}<\/style><p class=\"stk-block-text__text has-text-align-center-tablet\"><strong>Memberships:<\/strong><br>Finnish Poodle Club<br>Finnish Kennel Club<\/p><\/div>\n<\/div><\/div><\/div>\n\n\n\n<div class=\"wp-block-stackable-column stk-block-column stk-column stk-block stk-83b7747\" data-v=\"4\" data-block-id=\"83b7747\"><style>.stk-83b7747-container{margin-top:0px !important;margin-right:0px !important;margin-bottom:0px !important;margin-left:0px !important}.stk-83b7747-inner-blocks{justify-content:center !important}.stk-83b7747{padding-top:70px !important;padding-right:50px !important;margin-top:30px !important}@media screen and (min-width:768px){.stk-83b7747{flex:1 1 calc(25% - var(--stk-column-gap,0px) * 3 \/ 4 ) !important}}@media screen and (min-width:768px) and (max-width:1023px){.stk-83b7747{flex:0 1 calc(100% - var(--stk-column-gap,0px) * 0 \/ 1 ) !important}}@media screen and (max-width:1023px){.stk-83b7747{padding-top:0px !important;padding-right:0px !important}}<\/style><div class=\"stk-column-wrapper stk-block-column__content stk-container stk-83b7747-container stk--no-background stk--no-padding\"><div class=\"has-text-align-center-mobile stk--column-flex stk-block-content stk-inner-blocks stk-83b7747-inner-blocks\">\n<div class=\"wp-block-stackable-text stk-block-text stk-block stk-921b5a3\" data-block-id=\"921b5a3\"><p class=\"stk-block-text__text\">FIN<\/p><\/div>\n\n\n\n<div class=\"wp-block-stackable-text stk-block-text stk-block stk-dae9143\" data-block-id=\"dae9143\"><style>.stk-dae9143{margin-bottom:26px !important}@media screen and (max-width:767px){.stk-dae9143{margin-bottom:35px !important}}<\/style><p class=\"stk-block-text__text has-text-align-center-tablet\">Asumme rauhallisella asuinalueella Helsingiss\u00e4 ja perheeseemme kuuluu nelj\u00e4 henkil\u00f6\u00e4 ja kaksi villakoiraa. Viet\u00e4mme aktiivista el\u00e4m\u00e4\u00e4 ja arvostamme aikaa yhdess\u00e4, sek\u00e4 perheen kesken ett\u00e4 koiriemme kanssa. Ty\u00f6skentelemme kotoa k\u00e4sin, joten koirillamme on harvoin tarvetta olla yksin pitki\u00e4 aikoja.<\/p><\/div>\n\n\n\n<div class=\"wp-block-stackable-text stk-block-text stk-block stk-89a167f\" data-block-id=\"89a167f\"><style>.stk-89a167f{margin-bottom:26px !important}@media screen and (max-width:767px){.stk-89a167f{margin-bottom:35px !important}}<\/style><p class=\"stk-block-text__text has-text-align-center-tablet\">Olen uusi kasvattaja ja oma matkani aprikoosien k\u00e4\u00e4pi\u00f6villakoirien maailmaan alkoi vuonna 2019 ensimm\u00e4isen villakoiramme, Bellan, saapumisella. N\u00e4m\u00e4 nelj\u00e4 vuotta ovat olleet jatkuvaa oppimista, ja olen varma, ett\u00e4 opin uusia asioita t\u00e4st\u00e4 rodusta joka p\u00e4iv\u00e4.<\/p><\/div>\n\n\n\n<div class=\"wp-block-stackable-text stk-block-text stk-block stk-eb47f24\" data-block-id=\"eb47f24\"><style>.stk-eb47f24{margin-bottom:26px !important}@media screen and (max-width:767px){.stk-eb47f24{margin-bottom:35px !important}}<\/style><p class=\"stk-block-text__text has-text-align-center-tablet\">Bella on ollut ihana lis\u00e4 perheeseemme &#8211; h\u00e4nell\u00e4 on upea luonne ja kauniit piirteet. P\u00e4\u00e4timme k\u00e4ytt\u00e4\u00e4 Bellaa jalostukseen, jotta h\u00e4n voi antaa positiivisen panoksen rotuun.<\/p><\/div>\n\n\n\n<div class=\"wp-block-stackable-text stk-block-text stk-block stk-8a8864a\" data-block-id=\"8a8864a\"><style>.stk-8a8864a{margin-bottom:26px !important}@media screen and (max-width:767px){.stk-8a8864a{margin-bottom:35px !important}}<\/style><p class=\"stk-block-text__text has-text-align-center-tablet\">Kasvattajana tavoitteeni on kasvattaa villakoiria, joilla on rodun parhaita ominaisuuksia, erityisesti itseluottamusta, iloista innokkuutta ja muutenkin hyv\u00e4 luonne. Painotan vahvaa sukupuuta valiten huolella pentujen vanhemmat ja selvitt\u00e4en niiden sukutaulut.  Tavoitteena on, ett\u00e4 koira on paitsi kaunis my\u00f6s terve ja hyv\u00e4rakenteinen. Jalostan vain villakoiria, jotka ovat saavuttaneet muotovalion arvon.<\/p><\/div>\n\n\n\n<div class=\"wp-block-stackable-text stk-block-text stk-block stk-476acb8\" data-block-id=\"476acb8\"><style>.stk-476acb8{margin-bottom:50px !important}@media screen and (max-width:767px){.stk-476acb8{margin-bottom:35px !important}}<\/style><p class=\"stk-block-text__text has-text-align-center-tablet\"><strong>J\u00e4senyydet:<\/strong><br>Suomen Villakoirakerho <br>Suomen Kennelliitto <\/p><\/div>\n<\/div><\/div><\/div>\n\n\n\n<div class=\"wp-block-stackable-column stk-block-column stk-column stk-block stk-e322734\" data-v=\"4\" data-block-id=\"e322734\"><style>.stk-e322734-container{margin-top:0px !important;margin-right:0px !important;margin-bottom:0px !important;margin-left:0px !important}.stk-e322734{padding-top:100px !important;z-index:2 !important}@media screen and (min-width:768px){.stk-e322734{flex:1 1 calc(21.6% - var(--stk-column-gap,0px) * 3 \/ 4 ) !important}}@media screen and (min-width:768px) and (max-width:1023px){.stk-e322734{flex:0 1 calc(50% - var(--stk-column-gap,0px) * 1 \/ 2 ) !important}}@media screen and (max-width:1023px){.stk-e322734{padding-top:0px !important}}<\/style><div class=\"stk-column-wrapper stk-block-column__content stk-container stk-e322734-container stk--no-background stk--no-padding\"><div class=\"stk-block-content stk-inner-blocks stk-e322734-inner-blocks\">\n<div class=\"wp-block-stackable-image stk-block-image stk-block stk-cd6731c\" data-block-id=\"cd6731c\"><style>.stk-cd6731c{margin-bottom:0px !important}<\/style><figure><span class=\"stk-img-wrapper stk-image--shape-stretch\"><img loading=\"lazy\" decoding=\"async\" class=\"stk-img wp-image-1194\" src=\"https:\/\/i0.wp.com\/bollbackaspoodles.com\/wp-content\/uploads\/2023\/12\/IMG_5645-scaled-e1703624947370.jpg?resize=1290%2C1772\" width=\"1290\" height=\"1772\" srcset=\"https:\/\/i0.wp.com\/bollbackaspoodles.com\/wp-content\/uploads\/2023\/12\/IMG_5645-scaled-e1703624947370.jpg?w=1652&amp;ssl=1 1652w, https:\/\/i0.wp.com\/bollbackaspoodles.com\/wp-content\/uploads\/2023\/12\/IMG_5645-scaled-e1703624947370.jpg?resize=218%2C300&amp;ssl=1 218w, https:\/\/i0.wp.com\/bollbackaspoodles.com\/wp-content\/uploads\/2023\/12\/IMG_5645-scaled-e1703624947370.jpg?resize=746%2C1024&amp;ssl=1 746w, https:\/\/i0.wp.com\/bollbackaspoodles.com\/wp-content\/uploads\/2023\/12\/IMG_5645-scaled-e1703624947370.jpg?resize=768%2C1055&amp;ssl=1 768w, https:\/\/i0.wp.com\/bollbackaspoodles.com\/wp-content\/uploads\/2023\/12\/IMG_5645-scaled-e1703624947370.jpg?resize=1118%2C1536&amp;ssl=1 1118w, https:\/\/i0.wp.com\/bollbackaspoodles.com\/wp-content\/uploads\/2023\/12\/IMG_5645-scaled-e1703624947370.jpg?resize=1491%2C2048&amp;ssl=1 1491w\" sizes=\"(max-width: 1290px) 100vw, 1290px\" data-recalc-dims=\"1\" \/><\/span><\/figure><\/div>\n<\/div><\/div><\/div>\n\n\n\n<div class=\"wp-block-stackable-column stk-block-column stk-column stk-block stk-b21eb9b stk-block-background\" data-v=\"4\" data-block-id=\"b21eb9b\"><style>.stk-b21eb9b-container{margin-top:0px !important;margin-right:0px !important;margin-bottom:0px !important;margin-left:0px !important;min-height:0px !important;max-width:1500px !important}.stk-b21eb9b{background-color:var(--theme-palette-color-2,#f8bb98) !important;padding-top:150px !important;padding-right:50px !important;padding-bottom:150px !important;padding-left:200px !important;margin-top:30px !important;margin-left:-150px !important}.stk-b21eb9b:before{background-color:var(--theme-palette-color-2,#f8bb98) !important}@media screen and (min-width:768px){.stk-b21eb9b{flex:1 1 calc(28.4% - var(--stk-column-gap,0px) * 3 \/ 4 ) !important}}@media screen and (min-width:768px) and (max-width:1023px){.stk-b21eb9b{flex:0 1 calc(50% - var(--stk-column-gap,0px) * 1 \/ 2 ) !important}}@media screen and (max-width:1023px){.stk-b21eb9b{padding-top:50px !important;padding-right:50px !important;padding-bottom:50px !important;padding-left:50px !important;margin-top:0px !important;margin-right:0px !important;margin-bottom:0px !important;margin-left:0px !important}.stk-b21eb9b-inner-blocks{justify-content:center !important}.stk-b21eb9b-container{display:flex !important}}@media screen and (max-width:767px){.stk-b21eb9b{margin-bottom:0px !important}}<\/style><div class=\"stk-column-wrapper stk-block-column__content stk-container stk-b21eb9b-container stk--no-background stk--no-padding\"><div class=\"stk--block-horizontal-flex stk-block-content stk-inner-blocks stk-b21eb9b-inner-blocks\">\n<div class=\"wp-block-stackable-text stk-block-text stk-block stk-f244b0d\" data-block-id=\"f244b0d\"><style>.stk-f244b0d .stk-block-text__text{font-size:27px !important;color:var(--theme-palette-color-8,#ffffff) !important}@media screen and (max-width:1023px){.stk-f244b0d .stk-block-text__text{font-size:27px !important}}@media screen and (max-width:767px){.stk-f244b0d{margin-bottom:0px !important}}<\/style><p class=\"stk-block-text__text has-text-color has-palette-color-8-color has-text-align-center-mobile\">My preferred choice in poodles is the elegant apricot color.<\/p><\/div>\n<\/div><\/div><\/div>\n<\/div><\/div>\n<\/div><\/div><\/div>\n<\/div><\/div>\n","protected":false},"excerpt":{"rendered":"<p>About Us EN Our family of four lives in a peaceful residential area in Helsinki. We lead an active lifestyle and value our time together, both as a family and with our dogs. Working from home, we&#8217;re fortunate that our dogs seldom have to be alone, providing them with a loving and attentive environment. As [&hellip;]<\/p>\n","protected":false},"author":1,"featured_media":0,"parent":0,"menu_order":0,"comment_status":"closed","ping_status":"closed","template":"","meta":{"pgc_sgb_lightbox_settings":"","_themeisle_gutenberg_block_has_review":false,"footnotes":""},"blocksy_meta":{"page_title_panel":"","has_hero_section":"disabled","5800458836fd72b9f7d40a5343f22372":"","hero_section":"type-1","hero_elements":[{"id":"custom_title","enabled":true,"heading_tag":"h1","title":"Home"},{"id":"custom_description","enabled":true,"description_visibility":{"desktop":true,"tablet":true,"mobile":false}},{"id":"custom_meta","enabled":false,"meta_elements":[{"id":"author","enabled":true,"label":"By","has_author_avatar":"yes","avatar_size":25},{"id":"post_date","enabled":true,"label":"On","date_format_source":"default","date_format":"M j, Y"},{"id":"updated_date","enabled":false,"label":"On","date_format_source":"default","date_format":"M j, Y"},{"id":"categories","enabled":false,"label":"In","style":"simple"},{"id":"comments","enabled":true}],"page_meta_elements":{"joined":true,"articles_count":true,"comments":true}},{"id":"breadcrumbs","enabled":false}],"129a883ea4975c1f162dfca1240a79ce":"","hero_alignment1":"CT_CSS_SKIP_RULE","hero_margin":40,"hero_alignment2":"center","hero_vertical_alignment":"center","667c18dfbef5a507cfb7c12ab6ebeb68":"","hero_structure":"narrow","2563e3705ee59823c62fdf61fda7c838":"","page_title_bg_type":"featured_image","custom_hero_background":{"attachment_id":null},"parallax":{"desktop":false,"tablet":false,"mobile":false},"f592b9cd907d78bfcf5ee7d8ad2a68b5":"","hero_height":"250px","pageTitleFont":{"family":"Default","variation":"Default","size":"30px","line-height":"CT_CSS_SKIP_RULE","letter-spacing":"CT_CSS_SKIP_RULE","text-transform":"CT_CSS_SKIP_RULE","text-decoration":"CT_CSS_SKIP_RULE"},"pageTitleFontColor":{"default":{"color":"CT_CSS_SKIP_RULEDEFAULT"}},"pageMetaFont":{"family":"Default","variation":"n6","size":"12px","line-height":"1.3","letter-spacing":"CT_CSS_SKIP_RULE","text-transform":"uppercase","text-decoration":"CT_CSS_SKIP_RULE"},"pageMetaFontColor":{"default":{"color":"CT_CSS_SKIP_RULEDEFAULT"},"hover":{"color":"CT_CSS_SKIP_RULEDEFAULT"}},"page_meta_button_type_font_colors":{"default":{"color":"CT_CSS_SKIP_RULEDEFAULT"},"hover":{"color":"CT_CSS_SKIP_RULEDEFAULT"}},"page_meta_button_type_background_colors":{"default":{"color":"CT_CSS_SKIP_RULEDEFAULT"},"hover":{"color":"CT_CSS_SKIP_RULEDEFAULT"}},"pageExcerptFont":{"family":"Default","variation":"Default","size":"CT_CSS_SKIP_RULE","line-height":"CT_CSS_SKIP_RULE","letter-spacing":"CT_CSS_SKIP_RULE","text-transform":"CT_CSS_SKIP_RULE","text-decoration":"CT_CSS_SKIP_RULE"},"pageExcerptColor":{"default":{"color":"CT_CSS_SKIP_RULEDEFAULT"}},"breadcrumbsFont":{"family":"Default","variation":"Default","size":"CT_CSS_SKIP_RULE","line-height":"CT_CSS_SKIP_RULE","letter-spacing":"CT_CSS_SKIP_RULE","text-transform":"CT_CSS_SKIP_RULE","text-decoration":"CT_CSS_SKIP_RULE"},"breadcrumbsFontColor":{"default":{"color":"CT_CSS_SKIP_RULEDEFAULT"},"initial":{"color":"CT_CSS_SKIP_RULEDEFAULT"},"hover":{"color":"CT_CSS_SKIP_RULEDEFAULT"}},"pageTitleOverlay":{"background_type":"color","background_pattern":"type-1","background_image":{"attachment_id":null,"x":0,"y":0},"gradient":"linear-gradient(135deg,rgba(6,147,227,1) 0%,rgb(155,81,224) 100%)","background_repeat":"repeat","background_size":"auto","background_attachment":"scroll","patternColor":{"default":{"color":"#e5e7ea"}},"overlayColor":{"default":{"color":"CT_CSS_SKIP_RULE"}},"backgroundColor":{"default":{"color":"CT_CSS_SKIP_RULE"}}},"pageTitleBackground":{"background_type":"color","background_pattern":"type-1","background_image":{"attachment_id":null,"x":0,"y":0},"gradient":"linear-gradient(135deg,rgba(6,147,227,1) 0%,rgb(155,81,224) 100%)","background_repeat":"repeat","background_size":"auto","background_attachment":"scroll","patternColor":{"default":{"color":"#e5e7ea"}},"overlayColor":{"default":{"color":"CT_CSS_SKIP_RULE"}},"backgroundColor":{"default":{"color":"var(--theme-palette-color-6)"}}},"pageTitlePadding":{"top":"50px","bottom":"50px","left":"auto","right":"auto","linked":true},"b39aea57c2b0765b6c1fb7199ef6de4f":"","page_structure_type":"default","800bccbc08ef5fcb357a0eb8d0d0b9c9":"","content_style_source":"inherit","content_style":"wide","vertical_spacing_source":"custom","content_area_spacing":"none","background":{"background_type":"color","background_pattern":"type-1","background_image":{"attachment_id":null,"x":0,"y":0},"gradient":"linear-gradient(135deg,rgba(6,147,227,1) 0%,rgb(155,81,224) 100%)","background_repeat":"repeat","background_size":"auto","background_attachment":"scroll","patternColor":{"default":{"color":"#e5e7ea"}},"overlayColor":{"default":{"color":"CT_CSS_SKIP_RULE"}},"backgroundColor":{"default":{"color":"CT_CSS_SKIP_RULE"}}},"content_background":{"background_type":"color","background_pattern":"type-1","background_image":{"attachment_id":null,"x":0,"y":0},"gradient":"linear-gradient(135deg,rgba(6,147,227,1) 0%,rgb(155,81,224) 100%)","background_repeat":"repeat","background_size":"auto","background_attachment":"scroll","patternColor":{"default":{"color":"#e5e7ea"}},"overlayColor":{"default":{"color":"CT_CSS_SKIP_RULE"}},"backgroundColor":{"default":{"color":"var(--theme-palette-color-8)"}}},"content_boxed_shadow":{"inherit":false,"blur":18,"spread":-6,"v_offset":12,"h_offset":0,"inset":false,"enable":true,"color":{"color":"rgba(34, 56, 101, 0.04)"}},"boxed_content_spacing":{"desktop":{"top":"40px","bottom":"40px","left":"40px","right":"40px","linked":true},"tablet":{"top":"35px","bottom":"35px","left":"35px","right":"35px","linked":true},"mobile":{"top":"20px","bottom":"20px","left":"20px","right":"20px","linked":true}},"content_boxed_radius":{"top":"3px","bottom":"3px","left":"3px","right":"3px","linked":true},"e8c567e3f19b0e9c8d12f7b2d6b88355":"","disable_featured_image":"no","disable_share_box":"no","disable_header":"no","disable_footer":"no","styles_descriptor":{"styles":{"desktop":"","tablet":"","mobile":""},"google_fonts":[],"version":6}},"aioseo_notices":[],"featured_image_urls":{"full":"","thumbnail":"","medium":"","medium_large":"","large":"","1536x1536":"","2048x2048":""},"post_excerpt_stackable":"<p>About Us EN Our family of four lives in a peaceful residential area in Helsinki. We lead an active lifestyle and value our time together, both as a family and with our dogs. Working from home, we&#8217;re fortunate that our dogs seldom have to be alone, providing them with a loving and attentive environment. As a new breeder, my journey into the world of apricot mini poodles began in 2019 with the arrival of our first poodle, Bella. These four years have been a journey of constant learning, encountering both challenges and rewards, and I&#8217;m sure I will continue to&hellip;<\/p>\n","category_list":"","author_info":{"name":"bollbackaspoodles.com","url":"https:\/\/bollbackaspoodles.com\/index.php\/author\/bollbackaspoodles-com\/"},"comments_num":"0 comments","jetpack_sharing_enabled":true,"_links":{"self":[{"href":"https:\/\/bollbackaspoodles.com\/index.php\/wp-json\/wp\/v2\/pages\/734"}],"collection":[{"href":"https:\/\/bollbackaspoodles.com\/index.php\/wp-json\/wp\/v2\/pages"}],"about":[{"href":"https:\/\/bollbackaspoodles.com\/index.php\/wp-json\/wp\/v2\/types\/page"}],"author":[{"embeddable":true,"href":"https:\/\/bollbackaspoodles.com\/index.php\/wp-json\/wp\/v2\/users\/1"}],"replies":[{"embeddable":true,"href":"https:\/\/bollbackaspoodles.com\/index.php\/wp-json\/wp\/v2\/comments?post=734"}],"version-history":[{"count":16,"href":"https:\/\/bollbackaspoodles.com\/index.php\/wp-json\/wp\/v2\/pages\/734\/revisions"}],"predecessor-version":[{"id":1383,"href":"https:\/\/bollbackaspoodles.com\/index.php\/wp-json\/wp\/v2\/pages\/734\/revisions\/1383"}],"wp:attachment":[{"href":"https:\/\/bollbackaspoodles.com\/index.php\/wp-json\/wp\/v2\/media?parent=734"}],"curies":[{"name":"wp","href":"https:\/\/api.w.org\/{rel}","templated":true}]}}